{"id":396,"date":"2026-03-02T11:22:22","date_gmt":"2026-03-02T11:22:22","guid":{"rendered":"https:\/\/medsun.pl\/research-copy\/"},"modified":"2026-03-02T11:24:23","modified_gmt":"2026-03-02T11:24:23","slug":"ultraclear","status":"publish","type":"page","link":"https:\/\/medsun.pl\/en\/ultraclear\/","title":{"rendered":"Ultraclear"},"content":{"rendered":"<div data-elementor-type=\"wp-page\" data-elementor-id=\"396\" class=\"elementor elementor-396\" data-elementor-settings=\"[]\">\n\t\t\t\t\t\t<div class=\"elementor-inner\">\n\t\t\t\t\t\t\t<div class=\"elementor-section-wrap\">\n\t\t\t\t\t\t\t<section class=\"elementor-section elementor-top-section elementor-element elementor-element-eb2e0eb elementor-section-boxed elementor-section-height-default elementor-section-height-default\" data-id=\"eb2e0eb\" data-element_type=\"section\">\n\t\t\t\t\t\t<div class=\"elementor-container elementor-column-gap-default\">\n\t\t\t\t\t\t\t<div class=\"elementor-row\">\n\t\t\t\t\t<div class=\"elementor-column elementor-col-100 elementor-top-column elementor-element elementor-element-6336411\" data-id=\"6336411\" data-element_type=\"column\">\n\t\t\t<div class=\"elementor-column-wrap elementor-element-populated\">\n\t\t\t\t\t\t\t<div class=\"elementor-widget-wrap\">\n\t\t\t\t\t\t<div class=\"elementor-element elementor-element-f0e51ef elementor-widget elementor-widget-heading\" data-id=\"f0e51ef\" data-element_type=\"widget\" data-widget_type=\"heading.default\">\n\t\t\t\t<div class=\"elementor-widget-container\">\n\t\t\t<h2 class=\"elementor-heading-title elementor-size-default\">ULTRACLEAR <\/h2>\t\t<\/div>\n\t\t\t\t<\/div>\n\t\t\t\t<div class=\"elementor-element elementor-element-0443892 elementor-widget elementor-widget-text-editor\" data-id=\"0443892\" data-element_type=\"widget\" data-widget_type=\"text-editor.default\">\n\t\t\t\t<div class=\"elementor-widget-container\">\n\t\t\t\t\t<div class=\"elementor-text-editor elementor-clearfix\"><div><span id=\"m_4956181104552488553gmail-docs-internal-guid-e7b15bb3-7fff-14f3-76fd-7b530ca369b3\"><span style=\"color: #000000;\">Podr\u0119czny hybrydowy system obrazowania SPECT\/US<\/span><\/span><b><span style=\"color: #000000;\"><br \/><\/span><\/b><\/div><div>Kierownik projektu: Katarzyna Heryan<\/div><div>\u00a0<\/div><div>Ultraclear wprowadza prze\u0142omowe, przeno\u015bne urz\u0105dzenie integruj\u0105ce ultrasonografi\u0119 z detekcj\u0105 promieniowania gamma, zapewniaj\u0105c jednoczesne obrazowanie anatomiczne i funkcjonalne w czasie rzeczywistym. To urz\u0105dzenie ma na celu zrewolucjonizowa\u0107 procedury takie jak biopsja w\u0119z\u0142a ch\u0142onnego wartowniczego, gwarantuj\u0105c precyzj\u0119, przyst\u0119pno\u015b\u0107 cenow\u0105, ergonomi\u0119\u00a0 i popraw\u0119 opieki nad pacjentem.\u00a0\u00a0<b><\/b><\/div><div>Biopsja w\u0119z\u0142a wartowniczego jest kluczow\u0105 procedur\u0105 oceny\u00a0nowotwor\u00f3w, w szczeg\u00f3lno\u015bci raka piersi (2,3 mln przypadk\u00f3w rocznie).\u00a0Tradycyjne sondy promieniowania gamma wspomagaj\u0105 chirurg\u00f3w\u00a0dostarczaj\u0105c informacj\u0119 o obszarach zwi\u0119kszonego metabolizmu\u00a0(potencjalne zmiany nowotworowe), ale brakuje im danych\u00a0anatomicznych, co uniemo\u017cliwia bezpo\u015brednie wskazanie lokalizacji\u00a0nowotworu i ogranicza zdolno\u015bci diagnostyczne. W szczeg\u00f3lno\u015bci,\u00a0podr\u0119czne gamma kamery, opracowane w\u0142a\u015bnie z my\u015bl\u0105 o procedurach\u00a0biopsji, r\u00f3wnie\u017c nie dostarczaj\u0105 tej informacji. Integracja z TK lub MRI,\u00a0jest kosztowna, czasoch\u0142onna, i przede wszystkim uci\u0105\u017cliwa, poniewa\u017c\u00a0wci\u0105\u017c nie mo\u017cna pozyska\u0107 po\u017c\u0105danej informacji podczas samego\u00a0zabiegu. W tych okoliczno\u015bciach, zw\u0142aszcza w kontek\u015bcie biopsji\u00a0w\u0119z\u0142\u00f3w, wyra\u017anie rysuje si\u0119 potrzeba stworzenia podr\u0119cznego\u00a0hybrydowego systemu obrazowania \u0142\u0105cz\u0105cego informacj\u0119 strukturaln\u0105 i\u00a0funkcjonaln\u0105. Zatem integracja przeno\u015bnych sond ultrad\u017awi\u0119kowych,\u00a0znanych z obrazowania anatomicznego, z r\u0119cznymi kamerami gamma\u00a0stanowi idealne rozwi\u0105zanie eliminuj\u0105ce dotychczasowe ograniczenia.\u00a0Celem projektu jest opracowanie przeno\u015bnego urz\u0105dzenia, wyb\u00f3r\u00a0optymalnej koncepcji detekcji i stworzenie interfejsu u\u017cytkownika\u00a0umo\u017cliwiaj\u0105cego zwi\u0119kszenie precyzji chirurgicznej i popraw\u0119 wynik\u00f3w\u00a0pacjent\u00f3w.<\/div><div>\u00a0<\/div><div><p><b>Projekt wsp\u00f3\u0142finansowany przez Narodowe Centrum Bada\u0144 i Rozwoju w ramach 3. konkursu Programu INNOGLOBO.<\/b><\/p><\/div><div><p><b>Numer umowy:<\/b>\u00a0INNOGLOBO\/3\/77\/ULTRACLEAR\/2024<\/p><p><b>Termin realizacji projektu:<\/b>\u00a01.09.2024-31.08.2026<\/p><\/div><div><p><b>Partnerzy konsorcjum:<br \/><\/b><\/p><ul><li>Akademia G\u00f3rniczo- Hutnicza im. Stanis\u0142awa Staszica w Krakowie, Polska: Prof. Michael Friebe<\/li><li>University of Stuttgart, Niemcy:\u00a0Prof. Peter Pott<\/li><li>MedSun Labs sp. z o.o, Polska:\u00a0Katarzyna Heryan<\/li><li>GBN Systems GmbH, Niemcy:\u00a0Siegfried F\u00f6rg<\/li><\/ul><p><b>Ca\u0142kowity koszt realizacji\u00a0projektu\u00a0przez konsorcjum mi\u0119dzynarodowe<\/b>:\u00a0968 389,12 \u20ac<\/p><\/div><\/div>\n\t\t\t\t<\/div>\n\t\t\t\t<\/div>\n\t\t\t\t\t\t<\/div>\n\t\t\t\t\t<\/div>\n\t\t<\/div>\n\t\t\t\t\t\t\t\t<\/div>\n\t\t\t\t\t<\/div>\n\t\t<\/section>\n\t\t\t\t<section class=\"elementor-section elementor-top-section elementor-element elementor-element-1d2d35d elementor-section-content-middle elementor-section-boxed elementor-section-height-default elementor-section-height-default\" data-id=\"1d2d35d\" data-element_type=\"section\">\n\t\t\t\t\t\t<div class=\"elementor-container elementor-column-gap-default\">\n\t\t\t\t\t\t\t<div class=\"elementor-row\">\n\t\t\t\t\t<div class=\"elementor-column elementor-col-50 elementor-top-column elementor-element elementor-element-443cc2b\" data-id=\"443cc2b\" data-element_type=\"column\">\n\t\t\t<div class=\"elementor-column-wrap elementor-element-populated\">\n\t\t\t\t\t\t\t<div class=\"elementor-widget-wrap\">\n\t\t\t\t\t\t<div class=\"elementor-element elementor-element-2288e56 elementor-widget elementor-widget-image\" data-id=\"2288e56\" data-element_type=\"widget\" data-widget_type=\"image.default\">\n\t\t\t\t<div class=\"elementor-widget-container\">\n\t\t\t\t\t<div class=\"elementor-image\">\n\t\t\t\t\t\t\t\t\t\t<img loading=\"lazy\" decoding=\"async\" width=\"1080\" height=\"542\" src=\"https:\/\/medsun.pl\/wp-content\/uploads\/2024\/11\/research2.jpg\" class=\"attachment-full size-full\" alt=\"\" srcset=\"https:\/\/medsun.pl\/wp-content\/uploads\/2024\/11\/research2.jpg 1080w, https:\/\/medsun.pl\/wp-content\/uploads\/2024\/11\/research2-300x151.jpg 300w, https:\/\/medsun.pl\/wp-content\/uploads\/2024\/11\/research2-1024x514.jpg 1024w, https:\/\/medsun.pl\/wp-content\/uploads\/2024\/11\/research2-768x385.jpg 768w, https:\/\/medsun.pl\/wp-content\/uploads\/2024\/11\/research2-18x9.jpg 18w\" sizes=\"auto, (max-width: 1080px) 100vw, 1080px\" \/>\t\t\t\t\t\t\t\t\t\t\t<\/div>\n\t\t\t\t<\/div>\n\t\t\t\t<\/div>\n\t\t\t\t\t\t<\/div>\n\t\t\t\t\t<\/div>\n\t\t<\/div>\n\t\t\t\t<div class=\"elementor-column elementor-col-50 elementor-top-column elementor-element elementor-element-d435151\" data-id=\"d435151\" data-element_type=\"column\">\n\t\t\t<div class=\"elementor-column-wrap elementor-element-populated\">\n\t\t\t\t\t\t\t<div class=\"elementor-widget-wrap\">\n\t\t\t\t\t\t<div class=\"elementor-element elementor-element-395731d elementor-widget elementor-widget-image\" data-id=\"395731d\" data-element_type=\"widget\" data-widget_type=\"image.default\">\n\t\t\t\t<div class=\"elementor-widget-container\">\n\t\t\t\t\t<div class=\"elementor-image\">\n\t\t\t\t\t\t\t\t\t\t<img loading=\"lazy\" decoding=\"async\" width=\"446\" height=\"914\" src=\"https:\/\/medsun.pl\/wp-content\/uploads\/2024\/11\/research1.png\" class=\"attachment-large size-large\" alt=\"\" srcset=\"https:\/\/medsun.pl\/wp-content\/uploads\/2024\/11\/research1.png 446w, https:\/\/medsun.pl\/wp-content\/uploads\/2024\/11\/research1-146x300.png 146w, https:\/\/medsun.pl\/wp-content\/uploads\/2024\/11\/research1-6x12.png 6w\" sizes=\"auto, (max-width: 446px) 100vw, 446px\" \/>\t\t\t\t\t\t\t\t\t\t\t<\/div>\n\t\t\t\t<\/div>\n\t\t\t\t<\/div>\n\t\t\t\t\t\t<\/div>\n\t\t\t\t\t<\/div>\n\t\t<\/div>\n\t\t\t\t\t\t\t\t<\/div>\n\t\t\t\t\t<\/div>\n\t\t<\/section>\n\t\t\t\t<section class=\"elementor-section elementor-top-section elementor-element elementor-element-6f8f69a elementor-section-boxed elementor-section-height-default elementor-section-height-default\" data-id=\"6f8f69a\" data-element_type=\"section\">\n\t\t\t\t\t\t<div class=\"elementor-container elementor-column-gap-default\">\n\t\t\t\t\t\t\t<div class=\"elementor-row\">\n\t\t\t\t\t<div class=\"elementor-column elementor-col-100 elementor-top-column elementor-element elementor-element-2a43ba6\" data-id=\"2a43ba6\" data-element_type=\"column\">\n\t\t\t<div class=\"elementor-column-wrap elementor-element-populated\">\n\t\t\t\t\t\t\t<div class=\"elementor-widget-wrap\">\n\t\t\t\t\t\t<div class=\"elementor-element elementor-element-b83834c elementor-widget elementor-widget-heading\" data-id=\"b83834c\" data-element_type=\"widget\" data-widget_type=\"heading.default\">\n\t\t\t\t<div class=\"elementor-widget-container\">\n\t\t\t<h2 class=\"elementor-heading-title elementor-size-default\">OFERTY PRACY<\/h2>\t\t<\/div>\n\t\t\t\t<\/div>\n\t\t\t\t<div class=\"elementor-element elementor-element-f8c2376 elementor-icon-list--layout-traditional elementor-list-item-link-full_width elementor-widget elementor-widget-icon-list\" data-id=\"f8c2376\" data-element_type=\"widget\" data-widget_type=\"icon-list.default\">\n\t\t\t\t<div class=\"elementor-widget-container\">\n\t\t\t\t\t<ul class=\"elementor-icon-list-items\">\n\t\t\t\t\t\t\t<li class=\"elementor-icon-list-item\">\n\t\t\t\t\t<a href=\"https:\/\/medsun.pl\/wp-content\/uploads\/2024\/11\/Zaproszenie-do-zlozenia-oferty_MedSun_1cz1.pdf\" target=\"_blank\">\t\t\t\t\t\t<span class=\"elementor-icon-list-icon\">\n\t\t\t\t\t\t\t<i aria-hidden=\"true\" class=\"far fa-file-pdf\"><\/i>\t\t\t\t\t\t<\/span>\n\t\t\t\t\t\t\t\t\t\t<span class=\"elementor-icon-list-text\">Oferta 1 z dnia 25.11.2024<\/span>\n\t\t\t\t\t\t\t\t\t\t\t<\/a>\n\t\t\t\t\t\t\t\t\t<\/li>\n\t\t\t\t\t\t\t\t<li class=\"elementor-icon-list-item\">\n\t\t\t\t\t<a href=\"https:\/\/medsun.pl\/wp-content\/uploads\/2024\/11\/Zaproszenie-do-zlozenia-oferty_MedSun_2cz1.pdf\" target=\"_blank\">\t\t\t\t\t\t<span class=\"elementor-icon-list-icon\">\n\t\t\t\t\t\t\t<i aria-hidden=\"true\" class=\"far fa-file-pdf\"><\/i>\t\t\t\t\t\t<\/span>\n\t\t\t\t\t\t\t\t\t\t<span class=\"elementor-icon-list-text\">Oferta 2 z dnia 25.11.2024<\/span>\n\t\t\t\t\t\t\t\t\t\t\t<\/a>\n\t\t\t\t\t\t\t\t\t<\/li>\n\t\t\t\t\t\t\t\t<li class=\"elementor-icon-list-item\">\n\t\t\t\t\t<a href=\"https:\/\/medsun.pl\/wp-content\/uploads\/2024\/11\/Zaproszenie-do-zlozenia-oferty_MedSun_3cz1.pdf\" target=\"_blank\">\t\t\t\t\t\t<span class=\"elementor-icon-list-icon\">\n\t\t\t\t\t\t\t<i aria-hidden=\"true\" class=\"far fa-file-pdf\"><\/i>\t\t\t\t\t\t<\/span>\n\t\t\t\t\t\t\t\t\t\t<span class=\"elementor-icon-list-text\">Oferta 3 z dnia 25.11.2024<\/span>\n\t\t\t\t\t\t\t\t\t\t\t<\/a>\n\t\t\t\t\t\t\t\t\t<\/li>\n\t\t\t\t\t\t\t\t<li class=\"elementor-icon-list-item\">\n\t\t\t\t\t<a href=\"https:\/\/medsun.pl\/wp-content\/uploads\/2024\/11\/Zaproszenie-do-zlozenia-oferty_MedSun_4.pdf\" target=\"_blank\">\t\t\t\t\t\t<span class=\"elementor-icon-list-icon\">\n\t\t\t\t\t\t\t<i aria-hidden=\"true\" class=\"far fa-file-pdf\"><\/i>\t\t\t\t\t\t<\/span>\n\t\t\t\t\t\t\t\t\t\t<span class=\"elementor-icon-list-text\">Oferta 4 z dnia 25.11.2024<\/span>\n\t\t\t\t\t\t\t\t\t\t\t<\/a>\n\t\t\t\t\t\t\t\t\t<\/li>\n\t\t\t\t\t\t\t\t<li class=\"elementor-icon-list-item\">\n\t\t\t\t\t<a href=\"https:\/\/medsun.pl\/wp-content\/uploads\/2026\/02\/Zaproszenie-do-zlozenia-oferty_MedSun_zastepstwo.pdf\" target=\"_blank\">\t\t\t\t\t\t<span class=\"elementor-icon-list-icon\">\n\t\t\t\t\t\t\t<i aria-hidden=\"true\" class=\"far fa-file-pdf\"><\/i>\t\t\t\t\t\t<\/span>\n\t\t\t\t\t\t\t\t\t\t<span class=\"elementor-icon-list-text\">Oferta z dnia 3.02.2025<\/span>\n\t\t\t\t\t\t\t\t\t\t\t<\/a>\n\t\t\t\t\t\t\t\t\t<\/li>\n\t\t\t\t\t\t\t\t<li class=\"elementor-icon-list-item\">\n\t\t\t\t\t<a href=\"https:\/\/medsun.pl\/wp-content\/uploads\/2025\/06\/Zaproszenie-do-zlozenia-oferty_MedSun_5.pdf\" target=\"_blank\">\t\t\t\t\t\t<span class=\"elementor-icon-list-icon\">\n\t\t\t\t\t\t\t<i aria-hidden=\"true\" class=\"far fa-file-pdf\"><\/i>\t\t\t\t\t\t<\/span>\n\t\t\t\t\t\t\t\t\t\t<span class=\"elementor-icon-list-text\">Oferta 5 z dnia 28.06.2025<\/span>\n\t\t\t\t\t\t\t\t\t\t\t<\/a>\n\t\t\t\t\t\t\t\t\t<\/li>\n\t\t\t\t\t\t\t\t<li class=\"elementor-icon-list-item\">\n\t\t\t\t\t<a href=\"https:\/\/medsun.pl\/wp-content\/uploads\/2025\/09\/Zaproszenie-do-zlozenia-oferty_MedSun_zad3_4_zamowienie6_1.pdf\" target=\"_blank\">\t\t\t\t\t\t<span class=\"elementor-icon-list-icon\">\n\t\t\t\t\t\t\t<i aria-hidden=\"true\" class=\"far fa-file-pdf\"><\/i>\t\t\t\t\t\t<\/span>\n\t\t\t\t\t\t\t\t\t\t<span class=\"elementor-icon-list-text\">Oferta 6 z dnia 28.06.2025<\/span>\n\t\t\t\t\t\t\t\t\t\t\t<\/a>\n\t\t\t\t\t\t\t\t\t<\/li>\n\t\t\t\t\t\t\t\t<li class=\"elementor-icon-list-item\">\n\t\t\t\t\t<a href=\"https:\/\/medsun.pl\/wp-content\/uploads\/2025\/11\/Zaproszenie-do-zlozenia-oferty_MedSun_zad5_zamowienie_7_1.pdf\" target=\"_blank\">\t\t\t\t\t\t<span class=\"elementor-icon-list-icon\">\n\t\t\t\t\t\t\t<i aria-hidden=\"true\" class=\"far fa-file-pdf\"><\/i>\t\t\t\t\t\t<\/span>\n\t\t\t\t\t\t\t\t\t\t<span class=\"elementor-icon-list-text\">Oferta 7 z dnia 17.11.2025<\/span>\n\t\t\t\t\t\t\t\t\t\t\t<\/a>\n\t\t\t\t\t\t\t\t\t<\/li>\n\t\t\t\t\t\t<\/ul>\n\t\t\t\t<\/div>\n\t\t\t\t<\/div>\n\t\t\t\t<div class=\"elementor-element elementor-element-f73f134 elementor-widget elementor-widget-heading\" data-id=\"f73f134\" data-element_type=\"widget\" data-widget_type=\"heading.default\">\n\t\t\t\t<div class=\"elementor-widget-container\">\n\t\t\t<h2 class=\"elementor-heading-title elementor-size-default\">ZA\u0141\u0104CZNIKI<\/h2>\t\t<\/div>\n\t\t\t\t<\/div>\n\t\t\t\t<div class=\"elementor-element elementor-element-f5a69e9 elementor-icon-list--layout-traditional elementor-list-item-link-full_width elementor-widget elementor-widget-icon-list\" data-id=\"f5a69e9\" data-element_type=\"widget\" data-widget_type=\"icon-list.default\">\n\t\t\t\t<div class=\"elementor-widget-container\">\n\t\t\t\t\t<ul class=\"elementor-icon-list-items\">\n\t\t\t\t\t\t\t<li class=\"elementor-icon-list-item\">\n\t\t\t\t\t<a href=\"https:\/\/medsun.pl\/wp-content\/uploads\/2024\/11\/Formularz-oferty_MedSun.pdf\" target=\"_blank\">\t\t\t\t\t\t<span class=\"elementor-icon-list-icon\">\n\t\t\t\t\t\t\t<i aria-hidden=\"true\" class=\"far fa-file-pdf\"><\/i>\t\t\t\t\t\t<\/span>\n\t\t\t\t\t\t\t\t\t\t<span class=\"elementor-icon-list-text\">Formularz oferty<\/span>\n\t\t\t\t\t\t\t\t\t\t\t<\/a>\n\t\t\t\t\t\t\t\t\t<\/li>\n\t\t\t\t\t\t\t\t<li class=\"elementor-icon-list-item\">\n\t\t\t\t\t<a href=\"https:\/\/medsun.pl\/wp-content\/uploads\/2024\/11\/Klauzula-informacyjna_MedSun-1.pdf\" target=\"_blank\">\t\t\t\t\t\t<span class=\"elementor-icon-list-icon\">\n\t\t\t\t\t\t\t<i aria-hidden=\"true\" class=\"far fa-file-pdf\"><\/i>\t\t\t\t\t\t<\/span>\n\t\t\t\t\t\t\t\t\t\t<span class=\"elementor-icon-list-text\">Klauzula informacyjna<\/span>\n\t\t\t\t\t\t\t\t\t\t\t<\/a>\n\t\t\t\t\t\t\t\t\t<\/li>\n\t\t\t\t\t\t<\/ul>\n\t\t\t\t<\/div>\n\t\t\t\t<\/div>\n\t\t\t\t<div class=\"elementor-element elementor-element-ed454c4 elementor-widget elementor-widget-heading\" data-id=\"ed454c4\" data-element_type=\"widget\" data-widget_type=\"heading.default\">\n\t\t\t\t<div class=\"elementor-widget-container\">\n\t\t\t<h2 class=\"elementor-heading-title elementor-size-default\">WYNIKI<\/h2>\t\t<\/div>\n\t\t\t\t<\/div>\n\t\t\t\t<div class=\"elementor-element elementor-element-1c34f73 elementor-icon-list--layout-traditional elementor-list-item-link-full_width elementor-widget elementor-widget-icon-list\" data-id=\"1c34f73\" data-element_type=\"widget\" data-widget_type=\"icon-list.default\">\n\t\t\t\t<div class=\"elementor-widget-container\">\n\t\t\t\t\t<ul class=\"elementor-icon-list-items\">\n\t\t\t\t\t\t\t<li class=\"elementor-icon-list-item\">\n\t\t\t\t\t<a href=\"https:\/\/medsun.pl\/wp-content\/uploads\/2024\/12\/wyniki-konkursu-6.12.2024.pdf\" target=\"_blank\">\t\t\t\t\t\t<span class=\"elementor-icon-list-icon\">\n\t\t\t\t\t\t\t<i aria-hidden=\"true\" class=\"far fa-file-pdf\"><\/i>\t\t\t\t\t\t<\/span>\n\t\t\t\t\t\t\t\t\t\t<span class=\"elementor-icon-list-text\">Wyniki konkursu dla zam\u00f3wie\u0144 nr 1-4 z dnia 25.11.2024<\/span>\n\t\t\t\t\t\t\t\t\t\t\t<\/a>\n\t\t\t\t\t\t\t\t\t<\/li>\n\t\t\t\t\t\t\t\t<li class=\"elementor-icon-list-item\">\n\t\t\t\t\t<a href=\"https:\/\/medsun.pl\/wp-content\/uploads\/2025\/09\/wyniki-konkursu-14.02.2025_zastepstwo.pdf\" target=\"_blank\">\t\t\t\t\t\t<span class=\"elementor-icon-list-icon\">\n\t\t\t\t\t\t\t<i aria-hidden=\"true\" class=\"far fa-file-pdf\"><\/i>\t\t\t\t\t\t<\/span>\n\t\t\t\t\t\t\t\t\t\t<span class=\"elementor-icon-list-text\">Wyniki konkursu dla zam\u00f3wienia z dnia 3.02.2025<\/span>\n\t\t\t\t\t\t\t\t\t\t\t<\/a>\n\t\t\t\t\t\t\t\t\t<\/li>\n\t\t\t\t\t\t\t\t<li class=\"elementor-icon-list-item\">\n\t\t\t\t\t<a href=\"https:\/\/medsun.pl\/wp-content\/uploads\/2025\/09\/wyniki-konkursu-zamowienia-5-7.pdf\" target=\"_blank\">\t\t\t\t\t\t<span class=\"elementor-icon-list-icon\">\n\t\t\t\t\t\t\t<i aria-hidden=\"true\" class=\"far fa-file-pdf\"><\/i>\t\t\t\t\t\t<\/span>\n\t\t\t\t\t\t\t\t\t\t<span class=\"elementor-icon-list-text\">Wyniki konkursu dla zam\u00f3wie\u0144 nr 5 i 6 z dnia 28.06.2025<\/span>\n\t\t\t\t\t\t\t\t\t\t\t<\/a>\n\t\t\t\t\t\t\t\t\t<\/li>\n\t\t\t\t\t\t\t\t<li class=\"elementor-icon-list-item\">\n\t\t\t\t\t<a href=\"https:\/\/medsun.pl\/wp-content\/uploads\/2026\/01\/wyniki-konkursu-28.11.2025-1.pdf\" target=\"_blank\">\t\t\t\t\t\t<span class=\"elementor-icon-list-icon\">\n\t\t\t\t\t\t\t<i aria-hidden=\"true\" class=\"far fa-file-pdf\"><\/i>\t\t\t\t\t\t<\/span>\n\t\t\t\t\t\t\t\t\t\t<span class=\"elementor-icon-list-text\">Wyniki konkursu dla zam\u00f3wienia nr 7 z dnia 17.12.2025<\/span>\n\t\t\t\t\t\t\t\t\t\t\t<\/a>\n\t\t\t\t\t\t\t\t\t<\/li>\n\t\t\t\t\t\t<\/ul>\n\t\t\t\t<\/div>\n\t\t\t\t<\/div>\n\t\t\t\t<div class=\"elementor-element elementor-element-fc57af3 elementor-widget elementor-widget-heading\" data-id=\"fc57af3\" data-element_type=\"widget\" data-widget_type=\"heading.default\">\n\t\t\t\t<div class=\"elementor-widget-container\">\n\t\t\t<h2 class=\"elementor-heading-title elementor-size-default\">Zam\u00f3wienia \u2013 Dostawy<\/h2>\t\t<\/div>\n\t\t\t\t<\/div>\n\t\t\t\t<div class=\"elementor-element elementor-element-5a01f97 elementor-icon-list--layout-traditional elementor-list-item-link-full_width elementor-widget elementor-widget-icon-list\" data-id=\"5a01f97\" data-element_type=\"widget\" data-widget_type=\"icon-list.default\">\n\t\t\t\t<div class=\"elementor-widget-container\">\n\t\t\t\t\t<ul class=\"elementor-icon-list-items\">\n\t\t\t\t\t\t\t<li class=\"elementor-icon-list-item\">\n\t\t\t\t\t<a href=\"https:\/\/medsun.pl\/wp-content\/uploads\/2026\/02\/Wyniki-zamowienie-Aplikacja-Mobilna-2.pdf\" target=\"_blank\">\t\t\t\t\t\t<span class=\"elementor-icon-list-icon\">\n\t\t\t\t\t\t\t<i aria-hidden=\"true\" class=\"far fa-file-pdf\"><\/i>\t\t\t\t\t\t<\/span>\n\t\t\t\t\t\t\t\t\t\t<span class=\"elementor-icon-list-text\">Zam\u00f3wienie Aplikacja Mobilna<\/span>\n\t\t\t\t\t\t\t\t\t\t\t<\/a>\n\t\t\t\t\t\t\t\t\t<\/li>\n\t\t\t\t\t\t\t\t<li class=\"elementor-icon-list-item\">\n\t\t\t\t\t<a href=\"https:\/\/medsun.pl\/wp-content\/uploads\/2026\/02\/Wyniki-zamowienie-Chmura-1.pdf\" target=\"_blank\">\t\t\t\t\t\t<span class=\"elementor-icon-list-icon\">\n\t\t\t\t\t\t\t<i aria-hidden=\"true\" class=\"far fa-file-pdf\"><\/i>\t\t\t\t\t\t<\/span>\n\t\t\t\t\t\t\t\t\t\t<span class=\"elementor-icon-list-text\">Zam\u00f3wienie Chmura<\/span>\n\t\t\t\t\t\t\t\t\t\t\t<\/a>\n\t\t\t\t\t\t\t\t\t<\/li>\n\t\t\t\t\t\t\t\t<li class=\"elementor-icon-list-item\">\n\t\t\t\t\t<a href=\"https:\/\/medsun.pl\/wp-content\/uploads\/2026\/02\/Wyniki-zamowienie-Serwer-AI-1.pdf\" target=\"_blank\">\t\t\t\t\t\t<span class=\"elementor-icon-list-icon\">\n\t\t\t\t\t\t\t<i aria-hidden=\"true\" class=\"far fa-file-pdf\"><\/i>\t\t\t\t\t\t<\/span>\n\t\t\t\t\t\t\t\t\t\t<span class=\"elementor-icon-list-text\">Zam\u00f3wienie Serwer AI<\/span>\n\t\t\t\t\t\t\t\t\t\t\t<\/a>\n\t\t\t\t\t\t\t\t\t<\/li>\n\t\t\t\t\t\t<\/ul>\n\t\t\t\t<\/div>\n\t\t\t\t<\/div>\n\t\t\t\t\t\t<\/div>\n\t\t\t\t\t<\/div>\n\t\t<\/div>\n\t\t\t\t\t\t\t\t<\/div>\n\t\t\t\t\t<\/div>\n\t\t<\/section>\n\t\t\t\t\t\t<\/div>\n\t\t\t\t\t\t<\/div>\n\t\t\t\t\t<\/div>","protected":false},"excerpt":{"rendered":"<p>ULTRACLEAR Podr\u0119czny hybrydowy system obrazowania SPECT\/USKierownik projektu: Katarzyna Heryan\u00a0Ultraclear wprowadza prze\u0142omowe, przeno\u015bne urz\u0105dzenie integruj\u0105ce ultrasonografi\u0119 z detekcj\u0105 promieniowania gamma, zapewniaj\u0105c jednoczesne obrazowanie anatomiczne i funkcjonalne w czasie rzeczywistym. To urz\u0105dzenie ma na celu zrewolucjonizowa\u0107 procedury takie jak biopsja w\u0119z\u0142a ch\u0142onnego wartowniczego, gwarantuj\u0105c precyzj\u0119, przyst\u0119pno\u015b\u0107 cenow\u0105,&#8230;<\/p>","protected":false},"author":1,"featured_media":0,"parent":0,"menu_order":0,"comment_status":"closed","ping_status":"closed","template":"","meta":{"footnotes":""},"class_list":["post-396","page","type-page","status-publish","hentry"],"amp_validity":null,"amp_enabled":true,"_links":{"self":[{"href":"https:\/\/medsun.pl\/en\/wp-json\/wp\/v2\/pages\/396","targetHints":{"allow":["GET"]}}],"collection":[{"href":"https:\/\/medsun.pl\/en\/wp-json\/wp\/v2\/pages"}],"about":[{"href":"https:\/\/medsun.pl\/en\/wp-json\/wp\/v2\/types\/page"}],"author":[{"embeddable":true,"href":"https:\/\/medsun.pl\/en\/wp-json\/wp\/v2\/users\/1"}],"replies":[{"embeddable":true,"href":"https:\/\/medsun.pl\/en\/wp-json\/wp\/v2\/comments?post=396"}],"version-history":[{"count":1,"href":"https:\/\/medsun.pl\/en\/wp-json\/wp\/v2\/pages\/396\/revisions"}],"predecessor-version":[{"id":397,"href":"https:\/\/medsun.pl\/en\/wp-json\/wp\/v2\/pages\/396\/revisions\/397"}],"wp:attachment":[{"href":"https:\/\/medsun.pl\/en\/wp-json\/wp\/v2\/media?parent=396"}],"curies":[{"name":"wp","href":"https:\/\/api.w.org\/{rel}","templated":true}]}}